{"id":1920,"date":"2025-12-30T12:39:40","date_gmt":"2025-12-30T12:39:40","guid":{"rendered":"https:\/\/bravocompactbed.com\/?page_id=1920"},"modified":"2026-04-13T06:34:35","modified_gmt":"2026-04-13T06:34:35","slug":"news","status":"publish","type":"page","link":"https:\/\/bravocompactbed.com\/index.php\/news\/","title":{"rendered":"News"},"content":{"rendered":"\t\t<div data-elementor-type=\"wp-page\" data-elementor-id=\"1920\" class=\"elementor elementor-1920\" data-elementor-post-type=\"page\">\n\t\t\t\t<div class=\"elementor-element elementor-element-09fed4f e-flex e-con-boxed elementor-invisible e-con e-parent\" data-id=\"09fed4f\" data-element_type=\"container\" data-settings=\"{&quot;motion_fx_motion_fx_scrolling&quot;:&quot;yes&quot;,&quot;animation&quot;:&quot;fadeInUp&quot;,&quot;motion_fx_devices&quot;:[&quot;desktop&quot;,&quot;tablet&quot;,&quot;mobile&quot;]}\">\n\t\t\t\t\t<div class=\"e-con-inner\">\n\t\t<div class=\"elementor-element elementor-element-d196fb9 e-con-full e-flex e-con e-child\" data-id=\"d196fb9\" data-element_type=\"container\">\n\t\t\t\t<div class=\"elementor-element elementor-element-2b64d5d elementor-widget elementor-widget-heading\" data-id=\"2b64d5d\" data-element_type=\"widget\" data-widget_type=\"heading.default\">\n\t\t\t\t\t<h2 class=\"elementor-heading-title elementor-size-default\"><b>Exhibition: M\u00f6teplats Samh\u00e4ll\u00e4kerhet<br><\/b>2026-03-17 &amp; 18<\/h2>\t\t\t\t<\/div>\n\t\t\t\t<div class=\"elementor-element elementor-element-0deb6c9 elementor-widget elementor-widget-text-editor\" data-id=\"0deb6c9\" data-element_type=\"widget\" data-widget_type=\"text-editor.default\">\n\t\t\t\t\t\t\t\t\t<p>Together with Silentia, we exhibited with Bravo Compact Bed at the exhibition <span class=\"hover:entity-accent entity-underline inline cursor-pointer align-baseline\"><span class=\"whitespace-normal\">M\u00f6tesplats Samh\u00e4llss\u00e4kerhet<\/span><\/span> in <span class=\"hover:entity-accent entity-underline inline cursor-pointer align-baseline\"><span class=\"whitespace-normal\">Kista<\/span><\/span>, Stockholm. The focus of this exhibition is to create a platform where public authorities, healthcare providers, and private sector actors can collaborate, exchange knowledge, and explore innovative solutions that strengthen crisis preparedness and societal resilience.<\/p><p>The team were really satisfied with the days, and managed to generate interest from several organizations for the Bravo Compact Bed.\u00a0<\/p>\t\t\t\t\t\t\t\t<\/div>\n\t\t\t\t<\/div>\n\t\t<div class=\"elementor-element elementor-element-cb4665b e-con-full e-flex e-con e-child\" data-id=\"cb4665b\" data-element_type=\"container\">\n\t\t\t\t<div class=\"elementor-element elementor-element-f0298a7 elementor-widget elementor-widget-image\" data-id=\"f0298a7\" data-element_type=\"widget\" data-widget_type=\"image.default\">\n\t\t\t\t\t\t\t\t\t\t\t\t\t\t\t<img fetchpriority=\"high\" decoding=\"async\" width=\"950\" height=\"614\" src=\"https:\/\/bravocompactbed.com\/wp-content\/uploads\/2026\/04\/Samhallssakerhet_2026-1024x662.jpeg\" class=\"attachment-large size-large wp-image-2213\" alt=\"\" srcset=\"https:\/\/bravocompactbed.com\/wp-content\/uploads\/2026\/04\/Samhallssakerhet_2026-1024x662.jpeg 1024w, https:\/\/bravocompactbed.com\/wp-content\/uploads\/2026\/04\/Samhallssakerhet_2026-300x194.jpeg 300w, https:\/\/bravocompactbed.com\/wp-content\/uploads\/2026\/04\/Samhallssakerhet_2026-1536x994.jpeg 1536w, https:\/\/bravocompactbed.com\/wp-content\/uploads\/2026\/04\/Samhallssakerhet_2026-600x388.jpeg 600w, https:\/\/bravocompactbed.com\/wp-content\/uploads\/2026\/04\/Samhallssakerhet_2026.jpeg 1920w\" sizes=\"100vw\" \/>\t\t\t\t\t\t\t\t\t\t\t\t\t\t\t<\/div>\n\t\t\t\t<\/div>\n\t\t\t\t\t<\/div>\n\t\t\t\t<\/div>\n\t\t<div class=\"elementor-element elementor-element-281848b e-flex e-con-boxed elementor-invisible e-con e-parent\" data-id=\"281848b\" data-element_type=\"container\" data-settings=\"{&quot;motion_fx_motion_fx_scrolling&quot;:&quot;yes&quot;,&quot;animation&quot;:&quot;fadeInUp&quot;,&quot;motion_fx_devices&quot;:[&quot;desktop&quot;,&quot;tablet&quot;,&quot;mobile&quot;]}\">\n\t\t\t\t\t<div class=\"e-con-inner\">\n\t\t<div class=\"elementor-element elementor-element-2b962b1 e-con-full e-flex e-con e-child\" data-id=\"2b962b1\" data-element_type=\"container\">\n\t\t\t\t<div class=\"elementor-element elementor-element-2376fe1 elementor-widget elementor-widget-heading\" data-id=\"2376fe1\" data-element_type=\"widget\" data-widget_type=\"heading.default\">\n\t\t\t\t\t<h2 class=\"elementor-heading-title elementor-size-default\"><b>Launching the website<br><\/b>2026-01-20<\/h2>\t\t\t\t<\/div>\n\t\t\t\t<div class=\"elementor-element elementor-element-70f5985 elementor-widget elementor-widget-text-editor\" data-id=\"70f5985\" data-element_type=\"widget\" data-widget_type=\"text-editor.default\">\n\t\t\t\t\t\t\t\t\t<p>Official launch of the new website: www.bravocompactbed.com\u00a0<\/p>\t\t\t\t\t\t\t\t<\/div>\n\t\t\t\t<\/div>\n\t\t<div class=\"elementor-element elementor-element-e00aa09 e-con-full e-flex e-con e-child\" data-id=\"e00aa09\" data-element_type=\"container\">\n\t\t\t\t<div class=\"elementor-element elementor-element-3f653c9 elementor-widget elementor-widget-image\" data-id=\"3f653c9\" data-element_type=\"widget\" data-widget_type=\"image.default\">\n\t\t\t\t\t\t\t\t\t\t\t\t\t\t\t<img decoding=\"async\" width=\"950\" height=\"519\" src=\"https:\/\/bravocompactbed.com\/wp-content\/uploads\/2025\/12\/Skarmavbild-2025-12-30-kl.-13.30.32-1024x559.png\" class=\"attachment-large size-large wp-image-1909\" alt=\"\" srcset=\"https:\/\/bravocompactbed.com\/wp-content\/uploads\/2025\/12\/Skarmavbild-2025-12-30-kl.-13.30.32-1024x559.png 1024w, https:\/\/bravocompactbed.com\/wp-content\/uploads\/2025\/12\/Skarmavbild-2025-12-30-kl.-13.30.32-300x164.png 300w, https:\/\/bravocompactbed.com\/wp-content\/uploads\/2025\/12\/Skarmavbild-2025-12-30-kl.-13.30.32-2000x1093.png 2000w, https:\/\/bravocompactbed.com\/wp-content\/uploads\/2025\/12\/Skarmavbild-2025-12-30-kl.-13.30.32-scaled-1536x839.png 1536w, https:\/\/bravocompactbed.com\/wp-content\/uploads\/2025\/12\/Skarmavbild-2025-12-30-kl.-13.30.32-scaled-2048x1119.png 2048w, https:\/\/bravocompactbed.com\/wp-content\/uploads\/2025\/12\/Skarmavbild-2025-12-30-kl.-13.30.32-scaled-600x328.png 600w\" sizes=\"100vw\" \/>\t\t\t\t\t\t\t\t\t\t\t\t\t\t\t<\/div>\n\t\t\t\t<\/div>\n\t\t\t\t\t<\/div>\n\t\t\t\t<\/div>\n\t\t<div class=\"elementor-element elementor-element-e375c8c e-flex e-con-boxed elementor-invisible e-con e-parent\" data-id=\"e375c8c\" data-element_type=\"container\" data-settings=\"{&quot;motion_fx_motion_fx_scrolling&quot;:&quot;yes&quot;,&quot;animation&quot;:&quot;fadeInUp&quot;,&quot;motion_fx_devices&quot;:[&quot;desktop&quot;,&quot;tablet&quot;,&quot;mobile&quot;]}\">\n\t\t\t\t\t<div class=\"e-con-inner\">\n\t\t<div class=\"elementor-element elementor-element-e496b42 e-con-full e-flex e-con e-child\" data-id=\"e496b42\" data-element_type=\"container\">\n\t\t\t\t<div class=\"elementor-element elementor-element-265bd71 elementor-widget elementor-widget-heading\" data-id=\"265bd71\" data-element_type=\"widget\" data-widget_type=\"heading.default\">\n\t\t\t\t\t<h2 class=\"elementor-heading-title elementor-size-default\"><b>Medicinteknikdagarna - Uppsala<br><\/b>2025\/10\/13 - 2025\/10\/15<\/h2>\t\t\t\t<\/div>\n\t\t\t\t<div class=\"elementor-element elementor-element-44401ef elementor-widget elementor-widget-text-editor\" data-id=\"44401ef\" data-element_type=\"widget\" data-widget_type=\"text-editor.default\">\n\t\t\t\t\t\t\t\t\t<p>In October 2025, we exhibited at the Swedish trade fair &#8220;<i>Medicinteknikdagarna<\/i>&#8221; held in Uppsala. During the event, we premiered the Bravo Compact Bed to medical engineers representing regions across Sweden.&nbsp;<\/p>\t\t\t\t\t\t\t\t<\/div>\n\t\t\t\t<\/div>\n\t\t<div class=\"elementor-element elementor-element-7aa18fe e-con-full e-flex e-con e-child\" data-id=\"7aa18fe\" data-element_type=\"container\">\n\t\t\t\t<div class=\"elementor-element elementor-element-5ab0361 elementor-widget elementor-widget-image\" data-id=\"5ab0361\" data-element_type=\"widget\" data-widget_type=\"image.default\">\n\t\t\t\t\t\t\t\t\t\t\t\t\t\t\t<img decoding=\"async\" width=\"950\" height=\"469\" src=\"https:\/\/bravocompactbed.com\/wp-content\/uploads\/2026\/01\/Skarmavbild-2026-01-19-kl.-11.18.37-1024x506.png\" class=\"attachment-large size-large wp-image-2186\" alt=\"\" srcset=\"https:\/\/bravocompactbed.com\/wp-content\/uploads\/2026\/01\/Skarmavbild-2026-01-19-kl.-11.18.37-1024x506.png 1024w, https:\/\/bravocompactbed.com\/wp-content\/uploads\/2026\/01\/Skarmavbild-2026-01-19-kl.-11.18.37-300x148.png 300w, https:\/\/bravocompactbed.com\/wp-content\/uploads\/2026\/01\/Skarmavbild-2026-01-19-kl.-11.18.37-2000x988.png 2000w, https:\/\/bravocompactbed.com\/wp-content\/uploads\/2026\/01\/Skarmavbild-2026-01-19-kl.-11.18.37-scaled-1536x759.png 1536w, https:\/\/bravocompactbed.com\/wp-content\/uploads\/2026\/01\/Skarmavbild-2026-01-19-kl.-11.18.37-scaled-2048x1012.png 2048w, https:\/\/bravocompactbed.com\/wp-content\/uploads\/2026\/01\/Skarmavbild-2026-01-19-kl.-11.18.37-scaled-600x296.png 600w\" sizes=\"100vw\" \/>\t\t\t\t\t\t\t\t\t\t\t\t\t\t\t<\/div>\n\t\t\t\t<\/div>\n\t\t\t\t\t<\/div>\n\t\t\t\t<\/div>\n\t\t<div class=\"elementor-element elementor-element-3fc767b e-flex e-con-boxed e-con e-parent\" data-id=\"3fc767b\" data-element_type=\"container\">\n\t\t\t\t\t<div class=\"e-con-inner\">\n\t\t\t\t\t<\/div>\n\t\t\t\t<\/div>\n\t\t\t\t<\/div>\n\t\t","protected":false},"excerpt":{"rendered":"<p>Exhibition: M\u00f6teplats Samh\u00e4ll\u00e4kerhet2026-03-17 &amp; 18 Together with Silentia, we exhibited with Bravo Compact Bed at the exhibition M\u00f6tesplats Samh\u00e4llss\u00e4kerhet in Kista, Stockholm. The focus of this exhibition is to create a platform where public authorities, healthcare providers, and private sector actors can collaborate, exchange knowledge, and explore innovative solutions that strengthen crisis preparedness and societal &hellip; <\/p>\n<p class=\"link-more\"><a href=\"https:\/\/bravocompactbed.com\/index.php\/news\/\" class=\"more-link\">Read more<span class=\"screen-reader-text\"> &#8220;News&#8221;<\/span><\/a><\/p>\n","protected":false},"author":1,"featured_media":0,"parent":0,"menu_order":0,"comment_status":"closed","ping_status":"closed","template":"","meta":{"footnotes":""},"class_list":["post-1920","page","type-page","status-publish","hentry"],"_links":{"self":[{"href":"https:\/\/bravocompactbed.com\/index.php\/wp-json\/wp\/v2\/pages\/1920","targetHints":{"allow":["GET"]}}],"collection":[{"href":"https:\/\/bravocompactbed.com\/index.php\/wp-json\/wp\/v2\/pages"}],"about":[{"href":"https:\/\/bravocompactbed.com\/index.php\/wp-json\/wp\/v2\/types\/page"}],"author":[{"embeddable":true,"href":"https:\/\/bravocompactbed.com\/index.php\/wp-json\/wp\/v2\/users\/1"}],"replies":[{"embeddable":true,"href":"https:\/\/bravocompactbed.com\/index.php\/wp-json\/wp\/v2\/comments?post=1920"}],"version-history":[{"count":25,"href":"https:\/\/bravocompactbed.com\/index.php\/wp-json\/wp\/v2\/pages\/1920\/revisions"}],"predecessor-version":[{"id":2216,"href":"https:\/\/bravocompactbed.com\/index.php\/wp-json\/wp\/v2\/pages\/1920\/revisions\/2216"}],"wp:attachment":[{"href":"https:\/\/bravocompactbed.com\/index.php\/wp-json\/wp\/v2\/media?parent=1920"}],"curies":[{"name":"wp","href":"https:\/\/api.w.org\/{rel}","templated":true}]}}